{"id":30,"date":"2016-09-01T19:16:40","date_gmt":"2016-09-01T17:16:40","guid":{"rendered":"http:\/\/burgbiene.de\/?page_id=30"},"modified":"2024-11-23T06:25:26","modified_gmt":"2024-11-23T05:25:26","slug":"honigverkauf","status":"publish","type":"page","link":"https:\/\/burgbiene.de\/?page_id=30","title":{"rendered":"Honigverkauf"},"content":{"rendered":"<p>Folgender Honig steht zum Verkauf:<\/p>\n<ul>\n<li>Sp\u00e4ttracht cremig:<\/li>\n<\/ul>\n<p><span style=\"font-size: revert;\">Gelb und streichf\u00e4hig und lecker!<\/span><\/p>\n<p style=\"padding-left: 30px;\"><img loading=\"lazy\" decoding=\"async\" class=\"alignnone size-medium wp-image-166\" src=\"http:\/\/burgbiene.de\/wp-content\/uploads\/2023\/07\/4D9A1087-6903-43FB-A516-8FDD0542C418-300x285.jpeg\" alt=\"\" width=\"300\" height=\"285\" srcset=\"https:\/\/burgbiene.de\/wp-content\/uploads\/2023\/07\/4D9A1087-6903-43FB-A516-8FDD0542C418-300x285.jpeg 300w, https:\/\/burgbiene.de\/wp-content\/uploads\/2023\/07\/4D9A1087-6903-43FB-A516-8FDD0542C418-2048x1946.jpeg 2048w, https:\/\/burgbiene.de\/wp-content\/uploads\/2023\/07\/4D9A1087-6903-43FB-A516-8FDD0542C418-768x730.jpeg 768w, https:\/\/burgbiene.de\/wp-content\/uploads\/2023\/07\/4D9A1087-6903-43FB-A516-8FDD0542C418-1536x1459.jpeg 1536w\" sizes=\"auto, (max-width: 300px) 100vw, 300px\" \/><\/p>\n<ul>\n<li>Goldfarben, flie\u00dfend, lecker<\/li>\n<\/ul>\n<p style=\"padding-left: 30px;\"><img loading=\"lazy\" decoding=\"async\" class=\"alignnone size-medium wp-image-136\" src=\"http:\/\/burgbiene.de\/wp-content\/uploads\/2018\/07\/Sommertracht-300x225.jpg\" alt=\"\" width=\"300\" height=\"225\" srcset=\"https:\/\/burgbiene.de\/wp-content\/uploads\/2018\/07\/Sommertracht-300x225.jpg 300w, https:\/\/burgbiene.de\/wp-content\/uploads\/2018\/07\/Sommertracht-768x576.jpg 768w, https:\/\/burgbiene.de\/wp-content\/uploads\/2018\/07\/Sommertracht-2048x1536.jpg 2048w\" sizes=\"auto, (max-width: 300px) 100vw, 300px\" \/><\/p>\n<p>Der Preis liegt bei 6\u20ac pro 500g Glas.<\/p>\n<p>Bei Interesse einfach anrufen unter 0172\/639 7523,\u00a0 Email an &#8222;verkauf at burgbiene.de&#8220; oder einfach vorbeikommen.<\/p>\n","protected":false},"excerpt":{"rendered":"<p>Folgender Honig steht zum Verkauf: Sp\u00e4ttracht cremig: Gelb und streichf\u00e4hig und lecker! Goldfarben, flie\u00dfend, lecker Der Preis liegt bei 6\u20ac pro 500g Glas. Bei Interesse einfach anrufen unter 0172\/639 7523,\u00a0 Email an &#8222;verkauf at burgbiene.de&#8220; oder einfach vorbeikommen.<\/p>\n","protected":false},"author":1,"featured_media":0,"parent":0,"menu_order":0,"comment_status":"closed","ping_status":"closed","template":"","meta":{"footnotes":""},"class_list":["post-30","page","type-page","status-publish","hentry"],"_links":{"self":[{"href":"https:\/\/burgbiene.de\/index.php?rest_route=\/wp\/v2\/pages\/30","targetHints":{"allow":["GET"]}}],"collection":[{"href":"https:\/\/burgbiene.de\/index.php?rest_route=\/wp\/v2\/pages"}],"about":[{"href":"https:\/\/burgbiene.de\/index.php?rest_route=\/wp\/v2\/types\/page"}],"author":[{"embeddable":true,"href":"https:\/\/burgbiene.de\/index.php?rest_route=\/wp\/v2\/users\/1"}],"replies":[{"embeddable":true,"href":"https:\/\/burgbiene.de\/index.php?rest_route=%2Fwp%2Fv2%2Fcomments&post=30"}],"version-history":[{"count":19,"href":"https:\/\/burgbiene.de\/index.php?rest_route=\/wp\/v2\/pages\/30\/revisions"}],"predecessor-version":[{"id":182,"href":"https:\/\/burgbiene.de\/index.php?rest_route=\/wp\/v2\/pages\/30\/revisions\/182"}],"wp:attachment":[{"href":"https:\/\/burgbiene.de\/index.php?rest_route=%2Fwp%2Fv2%2Fmedia&parent=30"}],"curies":[{"name":"wp","href":"https:\/\/api.w.org\/{rel}","templated":true}]}}