{"id":2,"date":"2016-07-11T09:25:25","date_gmt":"2016-07-11T07:25:25","guid":{"rendered":"http:\/\/burgbiene.de\/?page_id=2"},"modified":"2021-04-22T16:25:41","modified_gmt":"2021-04-22T14:25:41","slug":"beispiel-seite","status":"publish","type":"page","link":"https:\/\/burgbiene.de\/","title":{"rendered":"\u00dcber uns"},"content":{"rendered":"<p><em>Hallo,<\/em><\/p>\n<p><em>An dieser Stelle m\u00f6chte ich uns und unsere &#8222;M\u00e4dels&#8220; gerne vorstellen.<\/em><\/p>\n<p><em>Wir, das sind neben mir meine liebe Frau Natalia und unsere Kinder Lucia und Julius, k\u00fcmmern uns seit 2016 am Hohenecker Schlo\u00dfberg um mehrere Bienenv\u00f6lker.<\/em><\/p>\n<p><em>Wir versuchen, die Anzahl der V\u00f6lker kontinuierlich zu erh\u00f6hen, damit wir das &#8222;s\u00fc\u00dfe Ergebnis&#8220; der Imkerei teilen k\u00f6nnen.<\/em><\/p>\n<p><em>Zur Zeit versorgen uns 6 V\u00f6lker mit Honig, entsprechend teilen wir gerne.<\/em><\/p>\n<p><em>Wir werden kontinuierlich weitere Infos und auch Bilder einstellen, damit alle Interessierten uns bei der Aus\u00fcbung des Hobbies begleiten k\u00f6nnen.<\/em><\/p>\n<p><em>Euer<\/em> Mathias Kr\u00f6ner<\/p>\n","protected":false},"excerpt":{"rendered":"<p>Hallo, An dieser Stelle m\u00f6chte ich uns und unsere &#8222;M\u00e4dels&#8220; gerne vorstellen. Wir, das sind neben mir meine liebe Frau Natalia und unsere Kinder Lucia und Julius, k\u00fcmmern uns seit 2016 am Hohenecker Schlo\u00dfberg um mehrere Bienenv\u00f6lker. Wir versuchen, die Anzahl der V\u00f6lker kontinuierlich zu erh\u00f6hen, damit wir das &#8222;s\u00fc\u00dfe Ergebnis&#8220; der Imkerei teilen k\u00f6nnen. &hellip; <\/p>\n<p class=\"link-more\"><a href=\"https:\/\/burgbiene.de\/\" class=\"more-link\"><span class=\"screen-reader-text\">\u201e\u00dcber uns\u201c<\/span> weiterlesen<\/a><\/p>\n","protected":false},"author":1,"featured_media":0,"parent":0,"menu_order":0,"comment_status":"closed","ping_status":"open","template":"","meta":{"footnotes":""},"class_list":["post-2","page","type-page","status-publish","hentry"],"_links":{"self":[{"href":"https:\/\/burgbiene.de\/index.php?rest_route=\/wp\/v2\/pages\/2","targetHints":{"allow":["GET"]}}],"collection":[{"href":"https:\/\/burgbiene.de\/index.php?rest_route=\/wp\/v2\/pages"}],"about":[{"href":"https:\/\/burgbiene.de\/index.php?rest_route=\/wp\/v2\/types\/page"}],"author":[{"embeddable":true,"href":"https:\/\/burgbiene.de\/index.php?rest_route=\/wp\/v2\/users\/1"}],"replies":[{"embeddable":true,"href":"https:\/\/burgbiene.de\/index.php?rest_route=%2Fwp%2Fv2%2Fcomments&post=2"}],"version-history":[{"count":6,"href":"https:\/\/burgbiene.de\/index.php?rest_route=\/wp\/v2\/pages\/2\/revisions"}],"predecessor-version":[{"id":157,"href":"https:\/\/burgbiene.de\/index.php?rest_route=\/wp\/v2\/pages\/2\/revisions\/157"}],"wp:attachment":[{"href":"https:\/\/burgbiene.de\/index.php?rest_route=%2Fwp%2Fv2%2Fmedia&parent=2"}],"curies":[{"name":"wp","href":"https:\/\/api.w.org\/{rel}","templated":true}]}}